{"id":28474,"date":"2020-05-16T13:53:12","date_gmt":"2020-05-16T13:53:12","guid":{"rendered":"https:\/\/theme-dev.cmsmasters.net\/dentalist\/?page_id=28474"},"modified":"2025-08-05T10:45:45","modified_gmt":"2025-08-05T10:45:45","slug":"about-us","status":"publish","type":"page","link":"https:\/\/wellness-luma.com\/?page_id=28474","title":{"rendered":"About Us"},"content":{"rendered":"\t\t<div data-elementor-type=\"wp-page\" data-elementor-id=\"28474\" class=\"elementor elementor-28474\">\n\t\t\t\t<div class=\"elementor-element elementor-element-fafec95 e-con-full e-flex cmsmasters-block-default e-con e-parent\" data-id=\"fafec95\" data-element_type=\"container\" data-e-type=\"container\" data-settings=\"{&quot;background_background&quot;:&quot;classic&quot;}\">\n\t\t<div class=\"elementor-element elementor-element-caeedb8 e-flex e-con-boxed cmsmasters-bg-hide-none cmsmasters-bg-hide-none cmsmasters-block-default e-con e-child\" data-id=\"caeedb8\" data-element_type=\"container\" data-e-type=\"container\" data-settings=\"{&quot;background_background&quot;:&quot;classic&quot;}\">\n\t\t\t\t\t<div class=\"e-con-inner\">\n\t\t<div class=\"elementor-element elementor-element-56ce58c e-con-full e-flex cmsmasters-block-default e-con e-child\" data-id=\"56ce58c\" data-element_type=\"container\" data-e-type=\"container\">\n\t\t\t\t<div class=\"elementor-element elementor-element-d509a90 elementor-widget__width-inherit cmsmasters-block-default cmsmasters-sticky-default elementor-invisible elementor-widget elementor-widget-heading\" data-id=\"d509a90\" data-element_type=\"widget\" data-e-type=\"widget\" data-settings=\"{&quot;_animation&quot;:&quot;fadeIn&quot;,&quot;_animation_delay&quot;:250}\" data-widget_type=\"heading.default\">\n\t\t\t\t<div class=\"elementor-widget-container\">\n\t\t\t\t\t<h1 class=\"elementor-heading-title elementor-size-default\">Ce qui nous distingue ?<\/h1>\t\t\t\t<\/div>\n\t\t\t\t<\/div>\n\t\t\t\t<div class=\"elementor-element elementor-element-dddd1dd cmsmasters-block-default cmsmasters-sticky-default elementor-invisible elementor-widget elementor-widget-heading\" data-id=\"dddd1dd\" data-element_type=\"widget\" data-e-type=\"widget\" data-settings=\"{&quot;_animation&quot;:&quot;fadeIn&quot;,&quot;_animation_delay&quot;:500}\" data-widget_type=\"heading.default\">\n\t\t\t\t<div class=\"elementor-widget-container\">\n\t\t\t\t\t<div class=\"elementor-heading-title elementor-size-default\">Une approche sur-mesure, port\u00e9e par des praticiennes qualifi\u00e9es, ponctuelles et attentives, qui instaurent une atmosph\u00e8re sereine en quelques minutes seulement<\/div>\t\t\t\t<\/div>\n\t\t\t\t<\/div>\n\t\t\t\t<\/div>\n\t\t\t\t\t<\/div>\n\t\t\t\t<\/div>\n\t\t\t\t<\/div>\n\t\t<div class=\"elementor-element elementor-element-dc003f3 e-flex e-con-boxed cmsmasters-block-default e-con e-parent\" data-id=\"dc003f3\" data-element_type=\"container\" data-e-type=\"container\">\n\t\t\t\t\t<div class=\"e-con-inner\">\n\t\t<div class=\"elementor-element elementor-element-101afa0 e-con-full e-flex cmsmasters-block-default e-con e-child\" data-id=\"101afa0\" data-element_type=\"container\" data-e-type=\"container\">\n\t\t\t\t<div class=\"elementor-element elementor-element-9d91a8a cmsmasters-block-default cmsmasters-sticky-default elementor-invisible elementor-widget elementor-widget-image\" data-id=\"9d91a8a\" data-element_type=\"widget\" data-e-type=\"widget\" data-settings=\"{&quot;_animation&quot;:&quot;fadeIn&quot;,&quot;_animation_delay&quot;:400}\" data-widget_type=\"image.default\">\n\t\t\t\t<div class=\"elementor-widget-container\">\n\t\t\t\t\t\t\t\t\t\t\t\t\t\t\t<img fetchpriority=\"high\" decoding=\"async\" width=\"1180\" height=\"980\" src=\"https:\/\/wellness-luma.com\/wp-content\/uploads\/2025\/04\/61-about-2.webp\" class=\"attachment-full size-full wp-image-39902\" alt=\"\" srcset=\"https:\/\/wellness-luma.com\/wp-content\/uploads\/2025\/04\/61-about-2.webp 1180w, https:\/\/wellness-luma.com\/wp-content\/uploads\/2025\/04\/61-about-2-600x498.webp 600w, https:\/\/wellness-luma.com\/wp-content\/uploads\/2025\/04\/61-about-2-300x249.webp 300w, https:\/\/wellness-luma.com\/wp-content\/uploads\/2025\/04\/61-about-2-1024x850.webp 1024w, https:\/\/wellness-luma.com\/wp-content\/uploads\/2025\/04\/61-about-2-768x638.webp 768w, https:\/\/wellness-luma.com\/wp-content\/uploads\/2025\/04\/61-about-2-361x300.webp 361w, https:\/\/wellness-luma.com\/wp-content\/uploads\/2025\/04\/61-about-2-30x25.webp 30w, https:\/\/wellness-luma.com\/wp-content\/uploads\/2025\/04\/61-about-2-12x10.webp 12w\" sizes=\"(max-width: 1180px) 100vw, 1180px\" \/>\t\t\t\t\t\t\t\t\t\t\t\t\t\t\t<\/div>\n\t\t\t\t<\/div>\n\t\t\t\t<\/div>\n\t\t<div class=\"elementor-element elementor-element-ebadd2c e-con-full e-flex cmsmasters-block-default e-con e-child\" data-id=\"ebadd2c\" data-element_type=\"container\" data-e-type=\"container\">\n\t\t\t\t<div class=\"elementor-element elementor-element-02bea4e elementor-widget__width-initial cmsmasters-block-default cmsmasters-sticky-default elementor-invisible elementor-widget elementor-widget-heading\" data-id=\"02bea4e\" data-element_type=\"widget\" data-e-type=\"widget\" data-settings=\"{&quot;_animation&quot;:&quot;fadeIn&quot;}\" data-widget_type=\"heading.default\">\n\t\t\t\t<div class=\"elementor-widget-container\">\n\t\t\t\t\t<h2 class=\"elementor-heading-title elementor-size-default\">\u00c0 propos<\/h2>\t\t\t\t<\/div>\n\t\t\t\t<\/div>\n\t\t\t\t<div class=\"elementor-element elementor-element-ecbb9e0 cmsmasters-block-default cmsmasters-sticky-default elementor-invisible elementor-widget elementor-widget-text-editor\" data-id=\"ecbb9e0\" data-element_type=\"widget\" data-e-type=\"widget\" data-settings=\"{&quot;_animation&quot;:&quot;fadeIn&quot;,&quot;_animation_delay&quot;:200}\" data-widget_type=\"text-editor.default\">\n\t\t\t\t<div class=\"elementor-widget-container\">\n\t\t\t\t\t\t\t\t\t<p class=\"p1\"><strong>L\u016bma Massages &amp; Therapy<\/strong> est n\u00e9e d\u2019une conviction simple : le bien-\u00eatre v\u00e9ritable se vit l\u00e0 o\u00f9 l\u2019on se sent en s\u00e9curit\u00e9, chez soi. Nous proposons des massages \u00e0 domicile \u00e0 Marrakech, con\u00e7us pour offrir une exp\u00e9rience profond\u00e9ment apaisante, sans contrainte de d\u00e9placement. Pens\u00e9 pour les voyageurs en qu\u00eate de confort, de calme et de discr\u00e9tion, L\u016bma transforme chaque espace priv\u00e9 en cocon de d\u00e9tente, pour un moment de soin aussi fluide que votre emploi du temps.<\/p>\t\t\t\t\t\t\t\t<\/div>\n\t\t\t\t<\/div>\n\t\t\t\t<\/div>\n\t\t\t\t\t<\/div>\n\t\t\t\t<\/div>\n\t\t<div class=\"elementor-element elementor-element-e15739b e-flex e-con-boxed cmsmasters-block-default e-con e-parent\" data-id=\"e15739b\" data-element_type=\"container\" data-e-type=\"container\">\n\t\t\t\t\t<div class=\"e-con-inner\">\n\t\t<div class=\"elementor-element elementor-element-2a01e8d e-con-full e-flex cmsmasters-block-default e-con e-child\" data-id=\"2a01e8d\" data-element_type=\"container\" data-e-type=\"container\">\n\t\t\t\t<div class=\"elementor-element elementor-element-229ceef elementor-widget__width-initial elementor-widget-tablet__width-inherit cmsmasters-block-default cmsmasters-sticky-default elementor-invisible elementor-widget elementor-widget-text-editor\" data-id=\"229ceef\" data-element_type=\"widget\" data-e-type=\"widget\" data-settings=\"{&quot;_animation&quot;:&quot;fadeIn&quot;,&quot;_animation_delay&quot;:800}\" data-widget_type=\"text-editor.default\">\n\t\t\t\t<div class=\"elementor-widget-container\">\n\t\t\t\t\t\t\t\t\t<p class=\"p1\">Chaque soin commence par un court questionnaire de bien-\u00eatre, une installation m\u00e9ticuleuse du mat\u00e9riel (table, serviettes, huiles, musique et lumi\u00e8re), puis un massage silencieux, enti\u00e8rement personnalis\u00e9, selon vos besoins. La pression est valid\u00e9e avec vous, discr\u00e8tement, apr\u00e8s quelques minutes, pour un ajustement parfait.<\/p>\t\t\t\t\t\t\t\t<\/div>\n\t\t\t\t<\/div>\n\t\t<div class=\"elementor-element elementor-element-2af516f e-con-full e-flex cmsmasters-block-default e-con e-child\" data-id=\"2af516f\" data-element_type=\"container\" data-e-type=\"container\">\n\t\t\t\t<div class=\"elementor-element elementor-element-b0032b7 elementor-widget-mobile__width-inherit cmsmasters-block-default cmsmasters-sticky-default elementor-invisible elementor-widget elementor-widget-image\" data-id=\"b0032b7\" data-element_type=\"widget\" data-e-type=\"widget\" data-settings=\"{&quot;_animation&quot;:&quot;zoomIn&quot;,&quot;_animation_delay&quot;:1000}\" data-widget_type=\"image.default\">\n\t\t\t\t<div class=\"elementor-widget-container\">\n\t\t\t\t\t\t\t\t\t\t\t\t\t\t\t<img decoding=\"async\" width=\"600\" height=\"600\" src=\"https:\/\/wellness-luma.com\/wp-content\/uploads\/2025\/04\/61-about-5.webp\" class=\"attachment-full size-full wp-image-39871\" alt=\"\" srcset=\"https:\/\/wellness-luma.com\/wp-content\/uploads\/2025\/04\/61-about-5.webp 600w, https:\/\/wellness-luma.com\/wp-content\/uploads\/2025\/04\/61-about-5-300x300.webp 300w, https:\/\/wellness-luma.com\/wp-content\/uploads\/2025\/04\/61-about-5-100x100.webp 100w, https:\/\/wellness-luma.com\/wp-content\/uploads\/2025\/04\/61-about-5-150x150.webp 150w, https:\/\/wellness-luma.com\/wp-content\/uploads\/2025\/04\/61-about-5-260x260.webp 260w, https:\/\/wellness-luma.com\/wp-content\/uploads\/2025\/04\/61-about-5-30x30.webp 30w, https:\/\/wellness-luma.com\/wp-content\/uploads\/2025\/04\/61-about-5-10x10.webp 10w\" sizes=\"(max-width: 600px) 100vw, 600px\" \/>\t\t\t\t\t\t\t\t\t\t\t\t\t\t\t<\/div>\n\t\t\t\t<\/div>\n\t\t\t\t<div class=\"elementor-element elementor-element-1ecea90 elementor-widget-mobile__width-inherit cmsmasters-block-default cmsmasters-sticky-default elementor-invisible elementor-widget elementor-widget-image\" data-id=\"1ecea90\" data-element_type=\"widget\" data-e-type=\"widget\" data-settings=\"{&quot;_animation&quot;:&quot;zoomIn&quot;,&quot;_animation_delay&quot;:1200}\" data-widget_type=\"image.default\">\n\t\t\t\t<div class=\"elementor-widget-container\">\n\t\t\t\t\t\t\t\t\t\t\t\t\t\t\t<img decoding=\"async\" width=\"600\" height=\"600\" src=\"https:\/\/wellness-luma.com\/wp-content\/uploads\/2025\/04\/61-about-4.webp\" class=\"attachment-full size-full wp-image-39870\" alt=\"\" srcset=\"https:\/\/wellness-luma.com\/wp-content\/uploads\/2025\/04\/61-about-4.webp 600w, https:\/\/wellness-luma.com\/wp-content\/uploads\/2025\/04\/61-about-4-300x300.webp 300w, https:\/\/wellness-luma.com\/wp-content\/uploads\/2025\/04\/61-about-4-100x100.webp 100w, https:\/\/wellness-luma.com\/wp-content\/uploads\/2025\/04\/61-about-4-150x150.webp 150w, https:\/\/wellness-luma.com\/wp-content\/uploads\/2025\/04\/61-about-4-260x260.webp 260w, https:\/\/wellness-luma.com\/wp-content\/uploads\/2025\/04\/61-about-4-30x30.webp 30w, https:\/\/wellness-luma.com\/wp-content\/uploads\/2025\/04\/61-about-4-10x10.webp 10w\" sizes=\"(max-width: 600px) 100vw, 600px\" \/>\t\t\t\t\t\t\t\t\t\t\t\t\t\t\t<\/div>\n\t\t\t\t<\/div>\n\t\t\t\t<\/div>\n\t\t\t\t<\/div>\n\t\t<div class=\"elementor-element elementor-element-c26908d e-con-full e-flex cmsmasters-block-default e-con e-child\" data-id=\"c26908d\" data-element_type=\"container\" data-e-type=\"container\">\n\t\t\t\t<div class=\"elementor-element elementor-element-c83c062 cmsmasters-block-default cmsmasters-sticky-default elementor-invisible elementor-widget elementor-widget-image\" data-id=\"c83c062\" data-element_type=\"widget\" data-e-type=\"widget\" data-settings=\"{&quot;_animation&quot;:&quot;zoomIn&quot;,&quot;_animation_delay&quot;:1400}\" data-widget_type=\"image.default\">\n\t\t\t\t<div class=\"elementor-widget-container\">\n\t\t\t\t\t\t\t\t\t\t\t\t\t\t\t<img loading=\"lazy\" decoding=\"async\" width=\"1180\" height=\"1385\" src=\"https:\/\/wellness-luma.com\/wp-content\/uploads\/2025\/04\/61-about-3.webp\" class=\"attachment-full size-full wp-image-39903\" alt=\"\" srcset=\"https:\/\/wellness-luma.com\/wp-content\/uploads\/2025\/04\/61-about-3.webp 1180w, https:\/\/wellness-luma.com\/wp-content\/uploads\/2025\/04\/61-about-3-600x704.webp 600w, https:\/\/wellness-luma.com\/wp-content\/uploads\/2025\/04\/61-about-3-256x300.webp 256w, https:\/\/wellness-luma.com\/wp-content\/uploads\/2025\/04\/61-about-3-872x1024.webp 872w, https:\/\/wellness-luma.com\/wp-content\/uploads\/2025\/04\/61-about-3-768x901.webp 768w, https:\/\/wellness-luma.com\/wp-content\/uploads\/2025\/04\/61-about-3-30x35.webp 30w, https:\/\/wellness-luma.com\/wp-content\/uploads\/2025\/04\/61-about-3-9x10.webp 9w\" sizes=\"(max-width: 1180px) 100vw, 1180px\" \/>\t\t\t\t\t\t\t\t\t\t\t\t\t\t\t<\/div>\n\t\t\t\t<\/div>\n\t\t\t\t<\/div>\n\t\t\t\t\t<\/div>\n\t\t\t\t<\/div>\n\t\t<div class=\"elementor-element elementor-element-2f74334 e-flex e-con-boxed cmsmasters-block-default e-con e-parent\" data-id=\"2f74334\" data-element_type=\"container\" data-e-type=\"container\">\n\t\t\t\t\t<div class=\"e-con-inner\">\n\t\t<div class=\"elementor-element elementor-element-c12d7b2 e-con-full e-flex cmsmasters-block-default e-con e-child\" data-id=\"c12d7b2\" data-element_type=\"container\" data-e-type=\"container\">\n\t\t\t\t<div class=\"elementor-element elementor-element-df5fd06 cmsmasters-block-default cmsmasters-sticky-default elementor-invisible elementor-widget elementor-widget-image\" data-id=\"df5fd06\" data-element_type=\"widget\" data-e-type=\"widget\" data-settings=\"{&quot;_animation&quot;:&quot;fadeIn&quot;,&quot;_animation_delay&quot;:400}\" data-widget_type=\"image.default\">\n\t\t\t\t<div class=\"elementor-widget-container\">\n\t\t\t\t\t\t\t\t\t\t\t\t\t\t\t<img loading=\"lazy\" decoding=\"async\" width=\"500\" height=\"541\" src=\"https:\/\/wellness-luma.com\/wp-content\/uploads\/2025\/05\/61-home-2.webp\" class=\"attachment-full size-full wp-image-45549\" alt=\"\" srcset=\"https:\/\/wellness-luma.com\/wp-content\/uploads\/2025\/05\/61-home-2.webp 500w, https:\/\/wellness-luma.com\/wp-content\/uploads\/2025\/05\/61-home-2-277x300.webp 277w, https:\/\/wellness-luma.com\/wp-content\/uploads\/2025\/05\/61-home-2-30x32.webp 30w, https:\/\/wellness-luma.com\/wp-content\/uploads\/2025\/05\/61-home-2-9x10.webp 9w\" sizes=\"(max-width: 500px) 100vw, 500px\" \/>\t\t\t\t\t\t\t\t\t\t\t\t\t\t\t<\/div>\n\t\t\t\t<\/div>\n\t\t\t\t<\/div>\n\t\t<div class=\"elementor-element elementor-element-d5502d9 e-con-full e-flex cmsmasters-block-default e-con e-child\" data-id=\"d5502d9\" data-element_type=\"container\" data-e-type=\"container\">\n\t\t\t\t<div class=\"elementor-element elementor-element-794d6d4 cmsmasters-block-default cmsmasters-sticky-default elementor-invisible elementor-widget elementor-widget-text-editor\" data-id=\"794d6d4\" data-element_type=\"widget\" data-e-type=\"widget\" data-settings=\"{&quot;_animation&quot;:&quot;fadeIn&quot;,&quot;_animation_delay&quot;:200}\" data-widget_type=\"text-editor.default\">\n\t\t\t\t<div class=\"elementor-widget-container\">\n\t\t\t\t\t\t\t\t\t<p class=\"p1\">Notre force r\u00e9side aussi dans les petits gestes qui font la diff\u00e9rence : une ambiance douce d\u00e8s l\u2019arriv\u00e9e, des huiles naturelles au choix, un respect absolu du silence, un paiement s\u00e9curis\u00e9 \u00e0 l\u2019avance, et un suivi client soign\u00e9. Apr\u00e8s chaque massage, un message vous est envoy\u00e9 pour recueillir vos impressions, vous proposer un bonus pour votre prochain soin, ou simplement exprimer notre gratitude. Une carte de fid\u00e9lit\u00e9 num\u00e9rique, des r\u00e9ductions d\u2019anniversaire et des packs avantageux renforcent cette attention continue.<\/p><p class=\"p1\">Enfin, L\u016bma s\u2019appuie sur trois piliers essentiels : la sant\u00e9, pour un corps d\u00e9tendu et r\u00e9\u00e9quilibr\u00e9 ; le sens, car chaque geste a une intention ; et la chaleur, humaine et \u00e9motionnelle, qui guide toutes nos interactions. Que vous choisissiez un massage relaxant, pr\u00e9natal, drainant ou une r\u00e9flexologie plantaire, vous pouvez compter sur une exp\u00e9rience ma\u00eetris\u00e9e, confidentielle et profond\u00e9ment r\u00e9g\u00e9n\u00e9rante \u2013 chez vous, \u00e0 votre rythme.<\/p>\t\t\t\t\t\t\t\t<\/div>\n\t\t\t\t<\/div>\n\t\t\t\t<\/div>\n\t\t\t\t\t<\/div>\n\t\t\t\t<\/div>\n\t\t\t\t<\/div>\n\t\t","protected":false},"excerpt":{"rendered":"<p>Ce qui nous distingue ? Une approche sur-mesure, port\u00e9e par des praticiennes qualifi\u00e9es, ponctuelles et attentives, qui instaurent une atmosph\u00e8re sereine en quelques minutes seulement \u00c0 propos L\u016bma Massages &amp; Therapy est n\u00e9e d\u2019une conviction simple : le bien-\u00eatre v\u00e9ritable se vit l\u00e0 o\u00f9 l\u2019on se sent en s\u00e9curit\u00e9, chez soi. Nous proposons des massages&#8230;<\/p>\n","protected":false},"author":1,"featured_media":0,"parent":0,"menu_order":0,"comment_status":"closed","ping_status":"closed","template":"","meta":{"_acf_changed":false,"footnotes":""},"class_list":["post-28474","page","type-page","status-publish","hentry"],"acf":[],"_links":{"self":[{"href":"https:\/\/wellness-luma.com\/index.php?rest_route=\/wp\/v2\/pages\/28474","targetHints":{"allow":["GET"]}}],"collection":[{"href":"https:\/\/wellness-luma.com\/index.php?rest_route=\/wp\/v2\/pages"}],"about":[{"href":"https:\/\/wellness-luma.com\/index.php?rest_route=\/wp\/v2\/types\/page"}],"author":[{"embeddable":true,"href":"https:\/\/wellness-luma.com\/index.php?rest_route=\/wp\/v2\/users\/1"}],"replies":[{"embeddable":true,"href":"https:\/\/wellness-luma.com\/index.php?rest_route=%2Fwp%2Fv2%2Fcomments&post=28474"}],"version-history":[{"count":19,"href":"https:\/\/wellness-luma.com\/index.php?rest_route=\/wp\/v2\/pages\/28474\/revisions"}],"predecessor-version":[{"id":46655,"href":"https:\/\/wellness-luma.com\/index.php?rest_route=\/wp\/v2\/pages\/28474\/revisions\/46655"}],"wp:attachment":[{"href":"https:\/\/wellness-luma.com\/index.php?rest_route=%2Fwp%2Fv2%2Fmedia&parent=28474"}],"curies":[{"name":"wp","href":"https:\/\/api.w.org\/{rel}","templated":true}]}}