{"id":37139,"date":"2020-05-16T09:01:45","date_gmt":"2020-05-16T09:01:45","guid":{"rendered":"https:\/\/theme-dev.cmsmasters.net\/dentalist\/?page_id=27"},"modified":"2025-08-05T11:02:01","modified_gmt":"2025-08-05T11:02:01","slug":"contacts","status":"publish","type":"page","link":"https:\/\/wellness-luma.com\/?page_id=37139","title":{"rendered":"Contacts"},"content":{"rendered":"\t\t<div data-elementor-type=\"wp-page\" data-elementor-id=\"37139\" class=\"elementor elementor-37139\">\n\t\t\t\t<div class=\"elementor-element elementor-element-1e9d3be e-con-full e-flex cmsmasters-block-default e-con e-parent\" data-id=\"1e9d3be\" data-element_type=\"container\" data-e-type=\"container\" data-settings=\"{&quot;background_background&quot;:&quot;classic&quot;}\">\n\t\t<div class=\"elementor-element elementor-element-9513723 e-flex e-con-boxed cmsmasters-bg-hide-none cmsmasters-bg-hide-none cmsmasters-block-default e-con e-child\" data-id=\"9513723\" data-element_type=\"container\" data-e-type=\"container\" data-settings=\"{&quot;background_background&quot;:&quot;classic&quot;}\">\n\t\t\t\t\t<div class=\"e-con-inner\">\n\t\t<div class=\"elementor-element elementor-element-f4b675b e-con-full e-flex cmsmasters-block-default e-con e-child\" data-id=\"f4b675b\" data-element_type=\"container\" data-e-type=\"container\">\n\t\t\t\t<div class=\"elementor-element elementor-element-b6ef9cd cmsmasters-color-variation-gradient cmsmasters-line-clamp-no cmsmasters-color-gradient-linear cmsmasters-pointer-none cmsmasters-block-default cmsmasters-sticky-default elementor-invisible elementor-widget elementor-widget-cmsmasters-title cmsmasters-widget-title\" data-id=\"b6ef9cd\" data-element_type=\"widget\" data-e-type=\"widget\" data-settings=\"{&quot;_animation&quot;:&quot;fadeIn&quot;}\" data-widget_type=\"cmsmasters-title.default\">\n\t\t\t\t<div class=\"elementor-widget-container\">\n\t\t\t\t\t<h6 class=\"cmsmasters-widget-title__heading \"><span class=\"title-inner-element\">Contactez-nous<\/span><\/h6>\t\t\t\t<\/div>\n\t\t\t\t<\/div>\n\t\t\t\t<div class=\"elementor-element elementor-element-0074a0e elementor-widget__width-inherit cmsmasters-block-default cmsmasters-sticky-default elementor-invisible elementor-widget elementor-widget-heading\" data-id=\"0074a0e\" data-element_type=\"widget\" data-e-type=\"widget\" data-settings=\"{&quot;_animation&quot;:&quot;fadeIn&quot;,&quot;_animation_delay&quot;:250}\" data-widget_type=\"heading.default\">\n\t\t\t\t<div class=\"elementor-widget-container\">\n\t\t\t\t\t<h1 class=\"elementor-heading-title elementor-size-default\">Prenez rendez-vous avec le bien-\u00eatre.\n<\/h1>\t\t\t\t<\/div>\n\t\t\t\t<\/div>\n\t\t<div class=\"elementor-element elementor-element-6a054ca e-con-full e-flex cmsmasters-block-default e-con e-child\" data-id=\"6a054ca\" data-element_type=\"container\" data-e-type=\"container\">\n\t\t\t\t<div class=\"elementor-element elementor-element-5f789e1 cmsmasters-block-default cmsmasters-sticky-default elementor-invisible elementor-widget elementor-widget-cmsmasters-button\" data-id=\"5f789e1\" data-element_type=\"widget\" data-e-type=\"widget\" data-settings=\"{&quot;_animation&quot;:&quot;fadeInUp&quot;,&quot;_animation_delay&quot;:500}\" data-widget_type=\"cmsmasters-button.default\">\n\t\t\t\t<div class=\"elementor-widget-container\">\n\t\t\t\t\t<div class=\"elementor-widget-cmsmasters-button__button-container\"><div class=\"elementor-widget-cmsmasters-button__button-container-inner\"><a href=\"https:\/\/wellness-luma.com\/?page_id=28479\" class=\"cmsmasters-button-link elementor-widget-cmsmasters-button__button cmsmasters-icon-view- cmsmasters-icon-shape- cmsmasters-button-size-sm\" role=\"button\" tabindex=\"0\"><span class=\"elementor-widget-cmsmasters-button__content-wrapper cmsmasters-align-icon-\"><span class=\"elementor-widget-cmsmasters-button__text\">R\u00e9server<\/span><\/span><\/a><\/div><\/div>\t\t\t\t<\/div>\n\t\t\t\t<\/div>\n\t\t\t\t<div class=\"elementor-element elementor-element-5eecca2 cmsmasters-featured-box__graphic-align-left cmsmasters-featured-box__link-box cmsmasters-featured-box__text-valign-middle cmsmasters-block-default cmsmasters-sticky-default elementor-invisible elementor-widget elementor-widget-cmsmasters-featured-box\" data-id=\"5eecca2\" data-element_type=\"widget\" data-e-type=\"widget\" data-settings=\"{&quot;_animation&quot;:&quot;fadeInRight&quot;,&quot;_animation_delay&quot;:750}\" data-widget_type=\"cmsmasters-featured-box.default\">\n\t\t\t\t<div class=\"elementor-widget-container\">\n\t\t\t\t\t<a href=\"https:\/\/wa.me\/41798891700\" class=\"elementor-widget-cmsmasters-featured-box__wrapper\"><div class=\"elementor-widget-cmsmasters-featured-box__content\">\n\t\t\t\t<div class=\"elementor-widget-cmsmasters-featured-box__content-vertical-inner\"><div class=\"elementor-widget-cmsmasters-featured-box__type-wrap elementor-widget-cmsmasters-featured-box__content-item\"><div class=\"elementor-widget-cmsmasters-featured-box__title elementor-widget-cmsmasters-featured-box__content-item\">Question?<\/div><div class=\"elementor-widget-cmsmasters-featured-box__description elementor-widget-cmsmasters-featured-box__content-item\">\u202a+41\u00a079\u00a0889\u00a017\u00a000<\/div><\/div>\n\t\t\t\t<\/div>\n\t\t\t<\/div>\n\t\t<\/a>\t\t\t\t<\/div>\n\t\t\t\t<\/div>\n\t\t\t\t<\/div>\n\t\t\t\t<\/div>\n\t\t\t\t\t<\/div>\n\t\t\t\t<\/div>\n\t\t\t\t<\/div>\n\t\t<div class=\"elementor-element elementor-element-7c482df e-flex e-con-boxed cmsmasters-block-default e-con e-parent\" data-id=\"7c482df\" data-element_type=\"container\" data-e-type=\"container\">\n\t\t\t\t\t<div class=\"e-con-inner\">\n\t\t<div class=\"elementor-element elementor-element-e3ab44d e-con-full e-flex cmsmasters-block-default e-con e-child\" data-id=\"e3ab44d\" data-element_type=\"container\" data-e-type=\"container\">\n\t\t\t\t<div class=\"elementor-element elementor-element-ce6774a elementor-widget__width-initial cmsmasters-block-default cmsmasters-sticky-default elementor-invisible elementor-widget elementor-widget-heading\" data-id=\"ce6774a\" data-element_type=\"widget\" data-e-type=\"widget\" data-settings=\"{&quot;_animation&quot;:&quot;fadeIn&quot;}\" data-widget_type=\"heading.default\">\n\t\t\t\t<div class=\"elementor-widget-container\">\n\t\t\t\t\t<h2 class=\"elementor-heading-title elementor-size-default\">Information :<\/h2>\t\t\t\t<\/div>\n\t\t\t\t<\/div>\n\t\t<div class=\"elementor-element elementor-element-b838961 e-con-full e-flex cmsmasters-block-default e-con e-child\" data-id=\"b838961\" data-element_type=\"container\" data-e-type=\"container\">\n\t\t<div class=\"elementor-element elementor-element-29770cd e-con-full e-flex cmsmasters-block-default elementor-invisible e-con e-child\" data-id=\"29770cd\" data-element_type=\"container\" data-e-type=\"container\" data-settings=\"{&quot;animation&quot;:&quot;fadeIn&quot;,&quot;animation_delay&quot;:750}\">\n\t\t\t\t<div class=\"elementor-element elementor-element-30d208b cmsmasters-color-variation-gradient cmsmasters-line-clamp-no cmsmasters-color-gradient-linear cmsmasters-pointer-none cmsmasters-block-default cmsmasters-sticky-default elementor-widget elementor-widget-cmsmasters-title cmsmasters-widget-title\" data-id=\"30d208b\" data-element_type=\"widget\" data-e-type=\"widget\" data-widget_type=\"cmsmasters-title.default\">\n\t\t\t\t<div class=\"elementor-widget-container\">\n\t\t\t\t\t<h6 class=\"cmsmasters-widget-title__heading \"><span class=\"title-inner-element\">Horaires d\u2019ouverture :\n<\/span><\/h6>\t\t\t\t<\/div>\n\t\t\t\t<\/div>\n\t\t\t\t<div class=\"elementor-element elementor-element-c2d73c5 cmsmasters-block-default cmsmasters-sticky-default elementor-widget elementor-widget-text-editor\" data-id=\"c2d73c5\" data-element_type=\"widget\" data-e-type=\"widget\" data-widget_type=\"text-editor.default\">\n\t\t\t\t<div class=\"elementor-widget-container\">\n\t\t\t\t\t\t\t\t\t<p><strong data-start=\"33\" data-end=\"75\">Ouvert tous les jours de 10h \u00e0 23h<\/strong><br data-start=\"75\" data-end=\"78\" \/><em data-start=\"78\" data-end=\"140\">Dernier cr\u00e9neau disponible \u00e0 22h, selon la dur\u00e9e du massage.<\/em><\/p>\t\t\t\t\t\t\t\t<\/div>\n\t\t\t\t<\/div>\n\t\t\t\t<\/div>\n\t\t\t\t<\/div>\n\t\t\t\t<div class=\"elementor-element elementor-element-00071b8 cmsmasters-block-default cmsmasters-sticky-default elementor-invisible elementor-widget elementor-widget-heading\" data-id=\"00071b8\" data-element_type=\"widget\" data-e-type=\"widget\" data-settings=\"{&quot;_animation&quot;:&quot;fadeIn&quot;,&quot;_animation_delay&quot;:250}\" data-widget_type=\"heading.default\">\n\t\t\t\t<div class=\"elementor-widget-container\">\n\t\t\t\t\t<h2 class=\"elementor-heading-title elementor-size-default\">Une question ?<\/h2>\t\t\t\t<\/div>\n\t\t\t\t<\/div>\n\t\t\t\t<div class=\"elementor-element elementor-element-08a350b cmsmasters-block-default cmsmasters-sticky-default elementor-invisible elementor-widget elementor-widget-text-editor\" data-id=\"08a350b\" data-element_type=\"widget\" data-e-type=\"widget\" data-settings=\"{&quot;_animation&quot;:&quot;fadeIn&quot;,&quot;_animation_delay&quot;:500}\" data-widget_type=\"text-editor.default\">\n\t\t\t\t<div class=\"elementor-widget-container\">\n\t\t\t\t\t\t\t\t\t<p><strong>Vous avez une h\u00e9sitation<\/strong>, besoin de pr\u00e9cisions ou simplement envie d\u2019\u00e9changer avant de r\u00e9server ? \u00c9crivez-nous directement sur <strong>WhatsApp<\/strong> ! Nous sommes disponibles pour r\u00e9pondre \u00e0 toutes vos questions (hors prise de rendez-vous).<\/p><p><a href=\"https:\/\/wa.me\/41798891700\"> Cliquez\u00a0 pour nous parler.<\/a><\/p>\t\t\t\t\t\t\t\t<\/div>\n\t\t\t\t<\/div>\n\t\t\t\t<\/div>\n\t\t<div class=\"elementor-element elementor-element-a82dc15 e-con-full e-flex cmsmasters-block-default elementor-invisible e-con e-child\" data-id=\"a82dc15\" data-element_type=\"container\" data-e-type=\"container\" data-settings=\"{&quot;animation&quot;:&quot;zoomIn&quot;,&quot;animation_delay&quot;:1000}\">\n\t\t\t\t<div class=\"elementor-element elementor-element-e69e55b cmsmasters-block-default cmsmasters-sticky-default elementor-widget elementor-widget-image\" data-id=\"e69e55b\" data-element_type=\"widget\" data-e-type=\"widget\" data-widget_type=\"image.default\">\n\t\t\t\t<div class=\"elementor-widget-container\">\n\t\t\t\t\t\t\t\t\t\t\t\t\t\t\t<img fetchpriority=\"high\" decoding=\"async\" width=\"1180\" height=\"1730\" src=\"https:\/\/wellness-luma.com\/wp-content\/uploads\/2025\/04\/61-appointment.webp\" class=\"attachment-full size-full wp-image-39876\" alt=\"\" srcset=\"https:\/\/wellness-luma.com\/wp-content\/uploads\/2025\/04\/61-appointment.webp 1180w, https:\/\/wellness-luma.com\/wp-content\/uploads\/2025\/04\/61-appointment-600x880.webp 600w, https:\/\/wellness-luma.com\/wp-content\/uploads\/2025\/04\/61-appointment-205x300.webp 205w, https:\/\/wellness-luma.com\/wp-content\/uploads\/2025\/04\/61-appointment-698x1024.webp 698w, https:\/\/wellness-luma.com\/wp-content\/uploads\/2025\/04\/61-appointment-768x1126.webp 768w, https:\/\/wellness-luma.com\/wp-content\/uploads\/2025\/04\/61-appointment-1048x1536.webp 1048w, https:\/\/wellness-luma.com\/wp-content\/uploads\/2025\/04\/61-appointment-30x44.webp 30w, https:\/\/wellness-luma.com\/wp-content\/uploads\/2025\/04\/61-appointment-7x10.webp 7w\" sizes=\"(max-width: 1180px) 100vw, 1180px\" \/>\t\t\t\t\t\t\t\t\t\t\t\t\t\t\t<\/div>\n\t\t\t\t<\/div>\n\t\t\t\t<\/div>\n\t\t\t\t\t<\/div>\n\t\t\t\t<\/div>\n\t\t\t\t<\/div>\n\t\t","protected":false},"excerpt":{"rendered":"<p>Contactez-nous Prenez rendez-vous avec le bien-\u00eatre. R\u00e9server Question?\u202a+41\u00a079\u00a0889\u00a017\u00a000 Information : Horaires d\u2019ouverture : Ouvert tous les jours de 10h \u00e0 23hDernier cr\u00e9neau disponible \u00e0 22h, selon la dur\u00e9e du massage. Une question ? Vous avez une h\u00e9sitation, besoin de pr\u00e9cisions ou simplement envie d\u2019\u00e9changer avant de r\u00e9server ? \u00c9crivez-nous directement sur WhatsApp ! Nous sommes&#8230;<\/p>\n","protected":false},"author":1,"featured_media":0,"parent":0,"menu_order":0,"comment_status":"closed","ping_status":"closed","template":"","meta":{"_acf_changed":false,"footnotes":""},"class_list":["post-37139","page","type-page","status-publish","hentry"],"acf":[],"_links":{"self":[{"href":"https:\/\/wellness-luma.com\/index.php?rest_route=\/wp\/v2\/pages\/37139","targetHints":{"allow":["GET"]}}],"collection":[{"href":"https:\/\/wellness-luma.com\/index.php?rest_route=\/wp\/v2\/pages"}],"about":[{"href":"https:\/\/wellness-luma.com\/index.php?rest_route=\/wp\/v2\/types\/page"}],"author":[{"embeddable":true,"href":"https:\/\/wellness-luma.com\/index.php?rest_route=\/wp\/v2\/users\/1"}],"replies":[{"embeddable":true,"href":"https:\/\/wellness-luma.com\/index.php?rest_route=%2Fwp%2Fv2%2Fcomments&post=37139"}],"version-history":[{"count":25,"href":"https:\/\/wellness-luma.com\/index.php?rest_route=\/wp\/v2\/pages\/37139\/revisions"}],"predecessor-version":[{"id":46672,"href":"https:\/\/wellness-luma.com\/index.php?rest_route=\/wp\/v2\/pages\/37139\/revisions\/46672"}],"wp:attachment":[{"href":"https:\/\/wellness-luma.com\/index.php?rest_route=%2Fwp%2Fv2%2Fmedia&parent=37139"}],"curies":[{"name":"wp","href":"https:\/\/api.w.org\/{rel}","templated":true}]}}